{"id":915,"date":"2026-03-24T02:47:00","date_gmt":"2026-03-24T02:47:00","guid":{"rendered":"https:\/\/aoufadel.com\/?post_type=product&#038;p=915"},"modified":"2026-03-24T02:47:01","modified_gmt":"2026-03-24T02:47:01","slug":"montage-video-contenu-publicitaire","status":"publish","type":"product","link":"https:\/\/aoufadel.com\/fr\/produit\/montage-video-contenu-publicitaire\/","title":{"rendered":"MONTAGE VID\u00c9O &#038; CONTENU PUBLICITAIRE"},"content":{"rendered":"<h2>Un service demand\u00e9 et novateur pour tous vos besoins visuels<\/h2>\n<p>C&#8217;est un service tr\u00e8s en demande pour les plateformes populaires telles que Reels, TikTok, publicit\u00e9s YouTube, ainsi que pour les \u00e9crans en boutique. Gr\u00e2ce \u00e0 vos connaissances avanc\u00e9es en 3D et en IA, vous permettez la cr\u00e9ation de contenus au style &#8220;gros budget&#8221;, \u00e9vitant ainsi les co\u00fbts \u00e9lev\u00e9s des tournages traditionnels. Ce service est parfait pour donner vie \u00e0 vos projets, quelle que soit l&#8217;\u00e9chelle.<\/p>\n<h2>Optimisez vos visuels avec nos prestations vari\u00e9es<\/h2>\n<p><strong>Montage dynamique :<\/strong> L&#8217;assemblage de vos clips, photos et rendus 3D est effectu\u00e9 avec un rythme soutenu pour captiver l&#8217;audience d\u00e8s les premi\u00e8res secondes.<\/p>\n<p><strong>Motion Design :<\/strong> Mettez en avant vos messages cl\u00e9s gr\u00e2ce \u00e0 des textes anim\u00e9s, titres, et autres \u00e9l\u00e9ments graphiques soigneusement con\u00e7us.<\/p>\n<p><strong>Synchronisation musicale :<\/strong> Nous s\u00e9lectionnons des trames sonores libres de droits puis ajustons les visuels au rythme des beats, offrant une exp\u00e9rience sonore et visuelle coh\u00e9rente.<\/p>\n<p><strong>Correction colorim\u00e9trique :<\/strong> Nous ajustons les couleurs pour donner un rendu cin\u00e9matographique et professionnel \u00e0 toutes vos productions.<\/p>\n<p><strong>Effets sp\u00e9ciaux (VFX) :<\/strong> Dynamisez vos vid\u00e9os avec des transitions fluides, des zooms et des effets visuels innovants qui captent l&#8217;\u0153il.<\/p>\n<p><strong>Formats multiples :<\/strong> Exports optimis\u00e9s pour les formats verticaux (Reels\/TikTok) et horizontaux (YouTube\/Facebook), garantissant une visibilit\u00e9 maximale.<\/p>\n<p><strong>CGI :<\/strong> Fournissez une int\u00e9gration parfaitement fluide de CGI et de rendus 3D dans des s\u00e9quences r\u00e9elles, cr\u00e9ant des visuels immersifs et percutants.<\/p>\n<h2>Un rendu cin\u00e9matique accessible et professionnel<\/h2>\n<p>Avec ce service cr\u00e9atif, vous avez l&#8217;opportunit\u00e9 de pr\u00e9senter vos contenus visuels sous des formats modernes et optimaux, sans les investissements logistiques et financiers que n\u00e9cessitent les studios de production traditionnels. Que ce soit pour la publicit\u00e9, des vid\u00e9os d&#8217;entreprise ou des contenus destin\u00e9s aux r\u00e9seaux sociaux, nos solutions adaptatives vous garantissent un r\u00e9sultat impressionnant adapt\u00e9 \u00e0 vos objectifs.<\/p>\n<p>Faites confiance \u00e0 notre expertise pour transformer votre vision en r\u00e9alit\u00e9. Nous combinons technologies avanc\u00e9es et cr\u00e9ativit\u00e9, pour un contenu dynamique, engageant et pr\u00eat \u00e0 faire vibrer votre audience.<\/p>\n\n    <div class=\"xs_social_share_widget xs_share_url after_content \t\tmain_content  wslu-style-1 wslu-share-box-shaped wslu-fill-colored wslu-none wslu-share-horizontal wslu-theme-font-no wslu-main_content\">\n\n\t\t\n        <ul>\n\t\t\t        <\/ul>\n    <\/div>","protected":false},"excerpt":{"rendered":"<p>Un service demand\u00e9 et novateur pour tous vos besoins visuels C&#8217;est un service tr\u00e8s en demande pour les plateformes populaires&#8230;<\/p>","protected":false},"featured_media":918,"comment_status":"open","ping_status":"closed","template":"","meta":{"_acf_changed":false,"_monsterinsights_skip_tracking":false,"_monsterinsights_sitenote_active":false,"_monsterinsights_sitenote_note":"","_monsterinsights_sitenote_category":0,"postBodyCss":"","postBodyMargin":[],"postBodyPadding":[],"postBodyBackground":{"backgroundType":"classic","gradient":""},"_uf_show_specific_survey":0,"_uf_disable_surveys":false},"product_brand":[],"product_cat":[15],"product_tag":[],"class_list":{"0":"post-915","1":"product","2":"type-product","3":"status-publish","4":"has-post-thumbnail","6":"product_cat-uncategorized","8":"first","9":"instock","10":"shipping-taxable","11":"purchasable","12":"product-type-variable"},"acf":[],"aioseo_notices":[],"jetpack_sharing_enabled":true,"_links":{"self":[{"href":"https:\/\/aoufadel.com\/fr\/wp-json\/wp\/v2\/product\/915","targetHints":{"allow":["GET"]}}],"collection":[{"href":"https:\/\/aoufadel.com\/fr\/wp-json\/wp\/v2\/product"}],"about":[{"href":"https:\/\/aoufadel.com\/fr\/wp-json\/wp\/v2\/types\/product"}],"replies":[{"embeddable":true,"href":"https:\/\/aoufadel.com\/fr\/wp-json\/wp\/v2\/comments?post=915"}],"wp:featuredmedia":[{"embeddable":true,"href":"https:\/\/aoufadel.com\/fr\/wp-json\/wp\/v2\/media\/918"}],"wp:attachment":[{"href":"https:\/\/aoufadel.com\/fr\/wp-json\/wp\/v2\/media?parent=915"}],"wp:term":[{"taxonomy":"product_brand","embeddable":true,"href":"https:\/\/aoufadel.com\/fr\/wp-json\/wp\/v2\/product_brand?post=915"},{"taxonomy":"product_cat","embeddable":true,"href":"https:\/\/aoufadel.com\/fr\/wp-json\/wp\/v2\/product_cat?post=915"},{"taxonomy":"product_tag","embeddable":true,"href":"https:\/\/aoufadel.com\/fr\/wp-json\/wp\/v2\/product_tag?post=915"}],"curies":[{"name":"wp","href":"https:\/\/api.w.org\/{rel}","templated":true}]}}