{"id":913,"date":"2026-03-24T02:41:33","date_gmt":"2026-03-24T02:41:33","guid":{"rendered":"https:\/\/aoufadel.com\/?post_type=product&#038;p=913"},"modified":"2026-03-24T02:41:33","modified_gmt":"2026-03-24T02:41:33","slug":"textile-design-tech-pack-de-a-a-z","status":"publish","type":"product","link":"https:\/\/aoufadel.com\/fr\/produit\/textile-design-tech-pack-de-a-a-z\/","title":{"rendered":"TEXTILE DESIGN &#038; TECH PACK (DE A \u00c0 Z)"},"content":{"rendered":"<h2>Transformez vos id\u00e9es cr\u00e9atives en r\u00e9alit\u00e9 textile<\/h2>\n<p>De l\u2019id\u00e9e \u00e0 la manufacture, s\u00e9curisez votre production textile gr\u00e2ce \u00e0 des Tech Packs rigoureux. Un design de mode r\u00e9ussi repose sur la pr\u00e9cision technique et une communication efficace entre cr\u00e9ateurs et fabricants. En concevant des fiches techniques d\u00e9taill\u00e9es, je vous offre la garantie d\u2019une documentation impeccable, pr\u00eate pour la mise en production imm\u00e9diate. Profitez de Tech Packs qui servent de pont entre votre vision cr\u00e9ative et l\u2019usine, \u00e9vitant ainsi des erreurs co\u00fbteuses et des malentendus.<\/p>\n<h2>Les composantes essentielles d\u2019un Tech Pack<\/h2>\n<p>Voici ce qui distingue mes Tech Packs et les rend indispensables pour vos projets :<\/p>\n<p><strong>1. Dessins techniques (Flats) :<\/strong> Des trac\u00e9s vectoriels pr\u00e9cis, face et dos, avec des d\u00e9tails m\u00e9ticuleux des coutures, pour une compr\u00e9hension sans \u00e9quivoque.<\/p>\n<p><strong>2. Tableau de mesures (Gradation) :<\/strong> Une sp\u00e9cification claire pour chaque taille et point de mesure (POM), assurant une gradation parfaite adapt\u00e9e \u00e0 vos besoins.<\/p>\n<p><strong>3. BOM (Bill of Materials) :<\/strong> Une liste exhaustive qui inclut tissus, boutons, fermetures, fils, et autres composants n\u00e9cessaires \u00e0 votre production.<\/p>\n<p><strong>4. D\u00e9tails de construction :<\/strong> Des sch\u00e9mas zoom\u00e9s mettant en lumi\u00e8re les finitions, broderies, s\u00e9rigraphies, et \u00e9tiquettes pour une personnalisation ma\u00eetris\u00e9e.<\/p>\n<p><strong>5. Placement des logos :<\/strong> Une documentation pr\u00e9cise pour le positionnement optimal des logos, garantissant ainsi l\u2019identit\u00e9 et l\u2019impact visuel de votre marque.<\/p>\n<h2>Pourquoi choisir des Tech Packs professionnels ?<\/h2>\n<p>Les fiches techniques sont bien plus qu\u2019un simple document : elles sont le moteur de votre production, reliant la cr\u00e9ativit\u00e9 au pragmatisme. Mes Tech Packs vous permettent de :<\/p>\n<p>&#8211; Minimiser les erreurs co\u00fbteuses lors de la fabrication.<\/p>\n<p>&#8211; Faciliter le processus de communication avec les usines.<\/p>\n<p>&#8211; Acc\u00e9l\u00e9rer la mise en production avec des sp\u00e9cifications claires et pr\u00eates \u00e0 l\u2019emploi.<\/p>\n<p>&#8211; Garantir des produits finis en alignement parfait avec votre design initial.<\/p>\n<p>Avec une documentation professionnelle en main, votre projet textile est entre de bonnes mains. Lib\u00e9rez votre potentiel cr\u00e9atif tout en ma\u00eetrisant l\u2019ex\u00e9cution technique gr\u00e2ce \u00e0 mes Tech Packs personnalis\u00e9s. Faites briller votre marque dans l\u2019univers de la mode d\u00e8s aujourd\u2019hui !<\/p>\n\n    <div class=\"xs_social_share_widget xs_share_url after_content \t\tmain_content  wslu-style-1 wslu-share-box-shaped wslu-fill-colored wslu-none wslu-share-horizontal wslu-theme-font-no wslu-main_content\">\n\n\t\t\n        <ul>\n\t\t\t        <\/ul>\n    <\/div>","protected":false},"excerpt":{"rendered":"<p>Transformez vos id\u00e9es cr\u00e9atives en r\u00e9alit\u00e9 textile De l\u2019id\u00e9e \u00e0 la manufacture, s\u00e9curisez votre production textile gr\u00e2ce \u00e0 des Tech&#8230;<\/p>","protected":false},"featured_media":914,"comment_status":"open","ping_status":"closed","template":"","meta":{"_acf_changed":false,"_monsterinsights_skip_tracking":false,"_monsterinsights_sitenote_active":false,"_monsterinsights_sitenote_note":"","_monsterinsights_sitenote_category":0,"postBodyCss":"","postBodyMargin":[],"postBodyPadding":[],"postBodyBackground":{"backgroundType":"classic","gradient":""},"_uf_show_specific_survey":0,"_uf_disable_surveys":false},"product_brand":[],"product_cat":[15],"product_tag":[],"class_list":{"0":"post-913","1":"product","2":"type-product","3":"status-publish","4":"has-post-thumbnail","6":"product_cat-uncategorized","8":"first","9":"instock","10":"shipping-taxable","11":"purchasable","12":"product-type-simple"},"acf":[],"aioseo_notices":[],"jetpack_sharing_enabled":true,"_links":{"self":[{"href":"https:\/\/aoufadel.com\/fr\/wp-json\/wp\/v2\/product\/913","targetHints":{"allow":["GET"]}}],"collection":[{"href":"https:\/\/aoufadel.com\/fr\/wp-json\/wp\/v2\/product"}],"about":[{"href":"https:\/\/aoufadel.com\/fr\/wp-json\/wp\/v2\/types\/product"}],"replies":[{"embeddable":true,"href":"https:\/\/aoufadel.com\/fr\/wp-json\/wp\/v2\/comments?post=913"}],"wp:featuredmedia":[{"embeddable":true,"href":"https:\/\/aoufadel.com\/fr\/wp-json\/wp\/v2\/media\/914"}],"wp:attachment":[{"href":"https:\/\/aoufadel.com\/fr\/wp-json\/wp\/v2\/media?parent=913"}],"wp:term":[{"taxonomy":"product_brand","embeddable":true,"href":"https:\/\/aoufadel.com\/fr\/wp-json\/wp\/v2\/product_brand?post=913"},{"taxonomy":"product_cat","embeddable":true,"href":"https:\/\/aoufadel.com\/fr\/wp-json\/wp\/v2\/product_cat?post=913"},{"taxonomy":"product_tag","embeddable":true,"href":"https:\/\/aoufadel.com\/fr\/wp-json\/wp\/v2\/product_tag?post=913"}],"curies":[{"name":"wp","href":"https:\/\/api.w.org\/{rel}","templated":true}]}}