{"id":910,"date":"2026-03-24T02:26:34","date_gmt":"2026-03-24T02:26:34","guid":{"rendered":"https:\/\/aoufadel.com\/?post_type=product&#038;p=910"},"modified":"2026-03-24T02:29:17","modified_gmt":"2026-03-24T02:29:17","slug":"signaletique-immobiliere","status":"publish","type":"product","link":"https:\/\/aoufadel.com\/fr\/produit\/signaletique-immobiliere\/","title":{"rendered":"SIGNAL\u00c9TIQUE IMMOBILI\u00c8RE"},"content":{"rendered":"<ul>\n<li>MERCI DE REMPLIRE VOTRE FORMULAIRE ICI<br \/>\n<strong><a href=\"https:\/\/aoufadel.com\/fr\/signaletique-immobiliere\/\">https:\/\/aoufadel.com\/signaletique-immobiliere\/<\/a><\/strong><\/li>\n<\/ul>\n<h2>Maximisez votre visibilit\u00e9 avec une image de marque irr\u00e9prochable<\/h2>\n<p>Dans le domaine immobilier, chaque d\u00e9tail compte pour instaurer la confiance et captiver vos futurs acheteurs. Notre expertise consiste \u00e0 concevoir des solutions d\u2019affichage immobilier haut de gamme, parfaitement conformes aux chartes graphiques des plus grandes banni\u00e8res telles que RE\/MAX, Sotheby\u2019s, Century 21, et bien d\u2019autres. Que ce soit pour des pancartes de rue, des affiches de projet d\u2019envergure ou des poteaux personnalis\u00e9s, nous vous assurons une visibilit\u00e9 optimale, alliant professionnalisme et esth\u00e9tisme.<\/p>\n<h2>\u00c9tapes de conception respectant les normes r\u00e9glementaires<\/h2>\n<p>Obtenez des designs qui refl\u00e8tent parfaitement votre identit\u00e9 visuelle tout en respectant les normes graphiques \u00e9tablies par votre banni\u00e8re. Chaque produit est con\u00e7u avec un engagement d\u2019excellence pour garantir une repr\u00e9sentation fid\u00e8le :<\/p>\n<p>&#8211; <strong>Respect absolu des chartes graphiques : <\/strong>Nous adaptons vos affichages \u00e0 la charte graphique de RE\/MAX, Sotheby\u2019s, Century 21 ou d\u2019autres, sans compromis.<\/p>\n<p>&#8211; <strong>Pancartes de courtier : <\/strong>Design et impression de pancartes, poteaux personnalis\u00e9s et enseignes &#8220;Vendu&#8221; qui renforcent votre pr\u00e9sence sur le terrain.<\/p>\n<h2>Production industrielle de haute qualit\u00e9<\/h2>\n<p>Nos solutions se distinguent par leur durabilit\u00e9 et leur finition impeccable. Nous utilisons des mat\u00e9riaux de qualit\u00e9 sup\u00e9rieure tels que le Coroplast et l\u2019Alupanel pour garantir une impression r\u00e9sistante aux \u00e9l\u00e9ments du quotidien et adapt\u00e9e aux besoins immobiliers. Une collaboration avec nous, c\u2019est l\u2019assurance que vos affichages restent impeccables, quelle que soit la saison.<\/p>\n<h2>Livraison rapide et fiable partout au Qu\u00e9bec<\/h2>\n<p>Ne laissez pas la logistique compliquer votre strat\u00e9gie. Nous proposons un service de livraison direct partout au Qu\u00e9bec pour vos commandes d\u2019affichages immobiliers. Faites parvenir vos designs aupr\u00e8s de nos \u00e9quipes, et nous nous occupons du reste, avec rapidit\u00e9 et soin.<\/p>\n<p>Dans un march\u00e9 comp\u00e9titif, dotez-vous d\u2019outils qui vous d\u00e9marquent et propulsent vos ventes. Avec nos solutions d\u2019affichage, inspirez confiance \u00e0 vos acheteurs potentiels et faites rayonner votre image de marque.<\/p>\n\n    <div class=\"xs_social_share_widget xs_share_url after_content \t\tmain_content  wslu-style-1 wslu-share-box-shaped wslu-fill-colored wslu-none wslu-share-horizontal wslu-theme-font-no wslu-main_content\">\n\n\t\t\n        <ul>\n\t\t\t        <\/ul>\n    <\/div>","protected":false},"excerpt":{"rendered":"<p>MERCI DE REMPLIRE VOTRE FORMULAIRE ICI https:\/\/aoufadel.com\/signaletique-immobiliere\/ Maximisez votre visibilit\u00e9 avec une image de marque irr\u00e9prochable Dans le domaine immobilier,&#8230;<\/p>","protected":false},"featured_media":911,"comment_status":"open","ping_status":"closed","template":"","meta":{"_acf_changed":false,"_monsterinsights_skip_tracking":false,"_monsterinsights_sitenote_active":false,"_monsterinsights_sitenote_note":"","_monsterinsights_sitenote_category":0,"postBodyCss":"","postBodyMargin":[],"postBodyPadding":[],"postBodyBackground":{"backgroundType":"classic","gradient":""},"_uf_show_specific_survey":0,"_uf_disable_surveys":false},"product_brand":[],"product_cat":[15],"product_tag":[],"class_list":{"0":"post-910","1":"product","2":"type-product","3":"status-publish","4":"has-post-thumbnail","6":"product_cat-uncategorized","8":"first","9":"outofstock","10":"virtual","11":"product-type-simple"},"acf":[],"aioseo_notices":[],"jetpack_sharing_enabled":true,"_links":{"self":[{"href":"https:\/\/aoufadel.com\/fr\/wp-json\/wp\/v2\/product\/910","targetHints":{"allow":["GET"]}}],"collection":[{"href":"https:\/\/aoufadel.com\/fr\/wp-json\/wp\/v2\/product"}],"about":[{"href":"https:\/\/aoufadel.com\/fr\/wp-json\/wp\/v2\/types\/product"}],"replies":[{"embeddable":true,"href":"https:\/\/aoufadel.com\/fr\/wp-json\/wp\/v2\/comments?post=910"}],"wp:featuredmedia":[{"embeddable":true,"href":"https:\/\/aoufadel.com\/fr\/wp-json\/wp\/v2\/media\/911"}],"wp:attachment":[{"href":"https:\/\/aoufadel.com\/fr\/wp-json\/wp\/v2\/media?parent=910"}],"wp:term":[{"taxonomy":"product_brand","embeddable":true,"href":"https:\/\/aoufadel.com\/fr\/wp-json\/wp\/v2\/product_brand?post=910"},{"taxonomy":"product_cat","embeddable":true,"href":"https:\/\/aoufadel.com\/fr\/wp-json\/wp\/v2\/product_cat?post=910"},{"taxonomy":"product_tag","embeddable":true,"href":"https:\/\/aoufadel.com\/fr\/wp-json\/wp\/v2\/product_tag?post=910"}],"curies":[{"name":"wp","href":"https:\/\/api.w.org\/{rel}","templated":true}]}}