{"id":904,"date":"2026-03-24T02:20:14","date_gmt":"2026-03-24T02:20:14","guid":{"rendered":"https:\/\/aoufadel.com\/?post_type=product&#038;p=904"},"modified":"2026-03-24T02:20:14","modified_gmt":"2026-03-24T02:20:14","slug":"visualisation-3d-interior-design","status":"publish","type":"product","link":"https:\/\/aoufadel.com\/fr\/produit\/visualisation-3d-interior-design\/","title":{"rendered":"VISUALISATION 3D &#038; INTERIOR DESIGN"},"content":{"rendered":"<p>Donnez vie \u00e0 vos concepts architecturaux gr\u00e2ce \u00e0 des rendus photor\u00e9alistes d&#8217;une pr\u00e9cision in\u00e9gal\u00e9e. Que vous soyez dans le domaine de l&#8217;immobilier, du design commercial ou r\u00e9sidentiel, ces services de mod\u00e9lisation 3D vous offrent la possibilit\u00e9 de projeter concr\u00e8tement vos id\u00e9es et aider vos clients \u00e0 mieux visualiser leurs futurs espaces. En utilisant des technologies de pointe comme Unreal Engine 5 et D5, chaque d\u00e9tail est con\u00e7u pour maximiser l&#8217;immersion et faciliter la prise de d\u00e9cision.<\/p>\n<h2>Mod\u00e9lisation d&#8217;Environnement<\/h2>\n<p>La mod\u00e9lisation de structures architecturales d\u00e9taill\u00e9es constitue le c\u0153ur du processus. Gr\u00e2ce \u00e0 un travail m\u00e9ticuleux et \u00e0 une ma\u00eetrise des outils modernes, les b\u00e2timents, terrains et autres \u00e9l\u00e9ments sont reproduits avec une grande fid\u00e9lit\u00e9. Ces rendus ajoutent clart\u00e9 et profondeur aux plans architecturaux, assurant que vos ambitions prennent vie sous la forme de repr\u00e9sentations visuelles impressionnantes.<\/p>\n<h2>Design d&#8217;Int\u00e9rieur<\/h2>\n<p>Ajoutez une dimension r\u00e9aliste \u00e0 vos espaces gr\u00e2ce \u00e0 un am\u00e9nagement int\u00e9rieur d\u00e9taill\u00e9, incluant du mobilier et une gestion d\u2019\u00e9clairage qui reproduit l\u2019ambiance souhait\u00e9e. Que ce soit pour des lofts modernes, des bureaux \u00e9l\u00e9gants ou des maisons accueillantes, chaque projet est soigneusement pens\u00e9 pour offrir des r\u00e9sultats visuels qui captivent et inspirent.<\/p>\n<h2>Texturing et D\u00e9tails<\/h2>\n<p>Enfin, une attention sp\u00e9ciale est port\u00e9e aux textures, mat\u00e9riaux et finitions. Ces \u00e9l\u00e9ments ajoutent du r\u00e9alisme et de l&#8217;\u00e9motion \u00e0 vos conceptions, rendant chaque espace aussi authentique que possible. En mettant en valeur les nuances des mat\u00e9riaux comme le bois, le m\u00e9tal ou le verre, chaque d\u00e9tail devient une opportunit\u00e9 d&#8217;impressionner vos clients et de valider vos projets ambitieux.<\/p>\n<p>Choisissez ces rendus photor\u00e9alistes pour transformer vos id\u00e9es architecturales en mod\u00e8les immersifs et percutants. Votre vision m\u00e9rite une pr\u00e9sentation exceptionnelle, et ces prestations montrent chaque recoin avec une pr\u00e9cision extraordinaire.<\/p>\n\n    <div class=\"xs_social_share_widget xs_share_url after_content \t\tmain_content  wslu-style-1 wslu-share-box-shaped wslu-fill-colored wslu-none wslu-share-horizontal wslu-theme-font-no wslu-main_content\">\n\n\t\t\n        <ul>\n\t\t\t        <\/ul>\n    <\/div>","protected":false},"excerpt":{"rendered":"<p>Donnez vie \u00e0 vos concepts architecturaux gr\u00e2ce \u00e0 des rendus photor\u00e9alistes d&#8217;une pr\u00e9cision in\u00e9gal\u00e9e. Que vous soyez dans le domaine&#8230;<\/p>","protected":false},"featured_media":907,"comment_status":"open","ping_status":"closed","template":"","meta":{"_acf_changed":false,"_monsterinsights_skip_tracking":false,"_monsterinsights_sitenote_active":false,"_monsterinsights_sitenote_note":"","_monsterinsights_sitenote_category":0,"postBodyCss":"","postBodyMargin":[],"postBodyPadding":[],"postBodyBackground":{"backgroundType":"classic","gradient":""},"_uf_show_specific_survey":0,"_uf_disable_surveys":false},"product_brand":[],"product_cat":[53],"product_tag":[],"class_list":{"0":"post-904","1":"product","2":"type-product","3":"status-publish","4":"has-post-thumbnail","6":"product_cat-interior-design","8":"first","9":"instock","10":"shipping-taxable","11":"purchasable","12":"product-type-variable"},"acf":[],"aioseo_notices":[],"jetpack_sharing_enabled":true,"_links":{"self":[{"href":"https:\/\/aoufadel.com\/fr\/wp-json\/wp\/v2\/product\/904","targetHints":{"allow":["GET"]}}],"collection":[{"href":"https:\/\/aoufadel.com\/fr\/wp-json\/wp\/v2\/product"}],"about":[{"href":"https:\/\/aoufadel.com\/fr\/wp-json\/wp\/v2\/types\/product"}],"replies":[{"embeddable":true,"href":"https:\/\/aoufadel.com\/fr\/wp-json\/wp\/v2\/comments?post=904"}],"wp:featuredmedia":[{"embeddable":true,"href":"https:\/\/aoufadel.com\/fr\/wp-json\/wp\/v2\/media\/907"}],"wp:attachment":[{"href":"https:\/\/aoufadel.com\/fr\/wp-json\/wp\/v2\/media?parent=904"}],"wp:term":[{"taxonomy":"product_brand","embeddable":true,"href":"https:\/\/aoufadel.com\/fr\/wp-json\/wp\/v2\/product_brand?post=904"},{"taxonomy":"product_cat","embeddable":true,"href":"https:\/\/aoufadel.com\/fr\/wp-json\/wp\/v2\/product_cat?post=904"},{"taxonomy":"product_tag","embeddable":true,"href":"https:\/\/aoufadel.com\/fr\/wp-json\/wp\/v2\/product_tag?post=904"}],"curies":[{"name":"wp","href":"https:\/\/api.w.org\/{rel}","templated":true}]}}