{"id":890,"date":"2026-03-24T01:49:37","date_gmt":"2026-03-24T01:49:37","guid":{"rendered":"https:\/\/aoufadel.com\/?post_type=product&#038;p=890"},"modified":"2026-03-24T01:49:37","modified_gmt":"2026-03-24T01:49:37","slug":"design-de-produits-packaging","status":"publish","type":"product","link":"https:\/\/aoufadel.com\/fr\/produit\/design-de-produits-packaging\/","title":{"rendered":"DESIGN DE PRODUITS &#038; PACKAGING"},"content":{"rendered":"<p>Transformez vos id\u00e9es en produits tangibles et percutants. Gr\u00e2ce \u00e0 une ma\u00eetrise avanc\u00e9e du design industriel 3D et \u00e0 une solide expertise technique, je d\u00e9veloppe des solutions uniques adapt\u00e9es aux besoins sp\u00e9cifiques du march\u00e9 qu\u00e9b\u00e9cois. Chaque projet est con\u00e7u avec soin pour harmoniser innovation, esth\u00e9tique et fonctionnalit\u00e9.<\/p>\n<h2>Un Design Ax\u00e9 sur l&#8217;Impact Visuel<\/h2>\n<p>La premi\u00e8re impression est cruciale. C&#8217;est pourquoi mes designs mettent en valeur l&#8217;esth\u00e9tique et l&#8217;attrait visuel, garantissant que votre produit capte l&#8217;attention d\u00e8s le premier regard. Que ce soit pour des emballages ou des produits finis, chaque d\u00e9tail est soigneusement pens\u00e9 pour maximiser la pr\u00e9sentation en rayon et am\u00e9liorer l&#8217;exp\u00e9rience utilisateur.<\/p>\n<h2>Une Approche Personnalis\u00e9e<\/h2>\n<p>Je place vos besoins et contraintes au c\u0153ur du processus cr\u00e9atif. De la conception structurelle \u00e0 l&#8217;int\u00e9gration harmonieuse des \u00e9l\u00e9ments esth\u00e9tiques, mes designs sont optimis\u00e9s pour r\u00e9pondre efficacement \u00e0 vos exigences de production, sans compromettre le respect du budget. Cette approche personnalis\u00e9e garantit des solutions adapt\u00e9es et performantes.<\/p>\n<h2>Les Composantes du Branding Global Concept<\/h2>\n<p>Mon travail ne s&#8217;arr\u00eate pas \u00e0 la cr\u00e9ation de produits. J&#8217;int\u00e8gre \u00e9galement les \u00e9l\u00e9ments cl\u00e9s du branding global, vous assurant une coh\u00e9rence parfaite entre votre design et votre identit\u00e9 de marque. Cette valeur ajout\u00e9e facilite la diff\u00e9renciation sur un march\u00e9 comp\u00e9titif tout en renfor\u00e7ant l&#8217;engagement des consommateurs avec votre marque.<\/p>\n\n    <div class=\"xs_social_share_widget xs_share_url after_content \t\tmain_content  wslu-style-1 wslu-share-box-shaped wslu-fill-colored wslu-none wslu-share-horizontal wslu-theme-font-no wslu-main_content\">\n\n\t\t\n        <ul>\n\t\t\t        <\/ul>\n    <\/div>","protected":false},"excerpt":{"rendered":"<p>Transformez vos id\u00e9es en produits tangibles et percutants. Gr\u00e2ce \u00e0 une ma\u00eetrise avanc\u00e9e du design industriel 3D et \u00e0 une&#8230;<\/p>","protected":false},"featured_media":891,"comment_status":"open","ping_status":"closed","template":"","meta":{"_acf_changed":false,"_monsterinsights_skip_tracking":false,"_monsterinsights_sitenote_active":false,"_monsterinsights_sitenote_note":"","_monsterinsights_sitenote_category":0,"postBodyCss":"","postBodyMargin":[],"postBodyPadding":[],"postBodyBackground":{"backgroundType":"classic","gradient":""},"_uf_show_specific_survey":0,"_uf_disable_surveys":false},"product_brand":[],"product_cat":[15],"product_tag":[],"class_list":{"0":"post-890","1":"product","2":"type-product","3":"status-publish","4":"has-post-thumbnail","6":"product_cat-uncategorized","8":"first","9":"instock","10":"shipping-taxable","11":"purchasable","12":"product-type-variable"},"acf":[],"aioseo_notices":[],"jetpack_sharing_enabled":true,"_links":{"self":[{"href":"https:\/\/aoufadel.com\/fr\/wp-json\/wp\/v2\/product\/890","targetHints":{"allow":["GET"]}}],"collection":[{"href":"https:\/\/aoufadel.com\/fr\/wp-json\/wp\/v2\/product"}],"about":[{"href":"https:\/\/aoufadel.com\/fr\/wp-json\/wp\/v2\/types\/product"}],"replies":[{"embeddable":true,"href":"https:\/\/aoufadel.com\/fr\/wp-json\/wp\/v2\/comments?post=890"}],"wp:featuredmedia":[{"embeddable":true,"href":"https:\/\/aoufadel.com\/fr\/wp-json\/wp\/v2\/media\/891"}],"wp:attachment":[{"href":"https:\/\/aoufadel.com\/fr\/wp-json\/wp\/v2\/media?parent=890"}],"wp:term":[{"taxonomy":"product_brand","embeddable":true,"href":"https:\/\/aoufadel.com\/fr\/wp-json\/wp\/v2\/product_brand?post=890"},{"taxonomy":"product_cat","embeddable":true,"href":"https:\/\/aoufadel.com\/fr\/wp-json\/wp\/v2\/product_cat?post=890"},{"taxonomy":"product_tag","embeddable":true,"href":"https:\/\/aoufadel.com\/fr\/wp-json\/wp\/v2\/product_tag?post=890"}],"curies":[{"name":"wp","href":"https:\/\/api.w.org\/{rel}","templated":true}]}}