{"id":888,"date":"2026-03-24T01:36:13","date_gmt":"2026-03-24T01:36:13","guid":{"rendered":"https:\/\/aoufadel.com\/?post_type=product&#038;p=888"},"modified":"2026-03-24T01:36:13","modified_gmt":"2026-03-24T01:36:13","slug":"creation-de-contenu-statique-social-media","status":"publish","type":"product","link":"https:\/\/aoufadel.com\/fr\/produit\/creation-de-contenu-statique-social-media\/","title":{"rendered":"CR\u00c9ATION DE CONTENU STATIQUE  (SOCIAL MEDIA)"},"content":{"rendered":"<h2>Elevate Your Social Media Presence<\/h2>\n<p>Dominez le fil d&#8217;actualit\u00e9 avec un contenu visuel de prestige con\u00e7u pour captiver l&#8217;attention et susciter un engagement authentique. R\u00e9alisez une connexion profonde avec votre audience gr\u00e2ce \u00e0 des publications strat\u00e9giques et esth\u00e9tiques adapt\u00e9es \u00e0 Instagram, Facebook, et TikTok. En fusionnant votre identit\u00e9 de marque avec un design exceptionnel et des outils puissants d\u2019IA, chaque visuel devient une pi\u00e8ce ma\u00eetresse qui arr\u00eate le d\u00e9filement (thumb-stopping).<\/p>\n<h2>Adaptations Multi-Plateformes Sans Effort<\/h2>\n<p>Chaque plateforme de r\u00e9seaux sociaux a ses propres exigences et formats visuels distincts. C&#8217;est pourquoi nous automatisons l&#8217;adaptation des visuels pour qu\u2019ils soient parfaits sur tous les fronts. Du format Square id\u00e9al pour les publications standards, aux Stories verticales qui captivent en un instant, en passant par les formats Portrait et Banner pour une visibilit\u00e9 accrue, chaque cr\u00e9ation garantit un impact optimal. Ainsi, vous gagnez du temps while maintaining la coh\u00e9rence visuelle de votre marque.<\/p>\n<h2>What We Bring to the Table<\/h2>\n<p>Nos designs ne sont pas juste beaux; ils sont strat\u00e9giques. Avec une compr\u00e9hension approfondie de votre audience et une ma\u00eetrise des tendances en ligne, nous concevons des publications qui parlent le langage de votre communaut\u00e9. En tirant parti des technologies d\u2019IA, nous r\u00e9inventons la mani\u00e8re dont votre contenu est produit, garantissant des visuels qui r\u00e9sonnent sur le plan esth\u00e9tique et \u00e9motionnel. Plus que renforcer votre engagement, nos services cr\u00e9ent des ponts solides qui transforment les spectateurs occasionnels en une communaut\u00e9 fid\u00e8le.<\/p>\n<p>Vous \u00eates pr\u00eat \u00e0 voir votre contenu se d\u00e9marquer dans un oc\u00e9an de distractions? \u00c0 chaque \u00e9tape, nous sommes l\u00e0 pour apporter une solution sur mesure adapt\u00e9e \u00e0 vos besoins et objectifs. C&#8217;est le moment de devenir incontournable dans les fils d&#8217;actualit\u00e9 de vos clients.<\/p>\n\n    <div class=\"xs_social_share_widget xs_share_url after_content \t\tmain_content  wslu-style-1 wslu-share-box-shaped wslu-fill-colored wslu-none wslu-share-horizontal wslu-theme-font-no wslu-main_content\">\n\n\t\t\n        <ul>\n\t\t\t        <\/ul>\n    <\/div>","protected":false},"excerpt":{"rendered":"<p>Elevate Your Social Media Presence Dominez le fil d&#8217;actualit\u00e9 avec un contenu visuel de prestige con\u00e7u pour captiver l&#8217;attention et&#8230;<\/p>","protected":false},"featured_media":889,"comment_status":"open","ping_status":"closed","template":"","meta":{"_acf_changed":false,"_monsterinsights_skip_tracking":false,"_monsterinsights_sitenote_active":false,"_monsterinsights_sitenote_note":"","_monsterinsights_sitenote_category":0,"postBodyCss":"","postBodyMargin":[],"postBodyPadding":[],"postBodyBackground":{"backgroundType":"classic","gradient":""},"_uf_show_specific_survey":0,"_uf_disable_surveys":false},"product_brand":[],"product_cat":[42],"product_tag":[],"class_list":{"0":"post-888","1":"product","2":"type-product","3":"status-publish","4":"has-post-thumbnail","6":"product_cat-pack-croissance-mensuel","8":"first","9":"instock","10":"shipping-taxable","11":"purchasable","12":"product-type-simple"},"acf":[],"aioseo_notices":[],"jetpack_sharing_enabled":true,"_links":{"self":[{"href":"https:\/\/aoufadel.com\/fr\/wp-json\/wp\/v2\/product\/888","targetHints":{"allow":["GET"]}}],"collection":[{"href":"https:\/\/aoufadel.com\/fr\/wp-json\/wp\/v2\/product"}],"about":[{"href":"https:\/\/aoufadel.com\/fr\/wp-json\/wp\/v2\/types\/product"}],"replies":[{"embeddable":true,"href":"https:\/\/aoufadel.com\/fr\/wp-json\/wp\/v2\/comments?post=888"}],"wp:featuredmedia":[{"embeddable":true,"href":"https:\/\/aoufadel.com\/fr\/wp-json\/wp\/v2\/media\/889"}],"wp:attachment":[{"href":"https:\/\/aoufadel.com\/fr\/wp-json\/wp\/v2\/media?parent=888"}],"wp:term":[{"taxonomy":"product_brand","embeddable":true,"href":"https:\/\/aoufadel.com\/fr\/wp-json\/wp\/v2\/product_brand?post=888"},{"taxonomy":"product_cat","embeddable":true,"href":"https:\/\/aoufadel.com\/fr\/wp-json\/wp\/v2\/product_cat?post=888"},{"taxonomy":"product_tag","embeddable":true,"href":"https:\/\/aoufadel.com\/fr\/wp-json\/wp\/v2\/product_tag?post=888"}],"curies":[{"name":"wp","href":"https:\/\/api.w.org\/{rel}","templated":true}]}}