{"id":883,"date":"2026-03-24T01:12:29","date_gmt":"2026-03-24T01:12:29","guid":{"rendered":"https:\/\/aoufadel.com\/?post_type=product&#038;p=883"},"modified":"2026-03-24T01:12:29","modified_gmt":"2026-03-24T01:12:29","slug":"identite-de-marque-branding-global","status":"publish","type":"product","link":"https:\/\/aoufadel.com\/fr\/produit\/identite-de-marque-branding-global\/","title":{"rendered":"IDENTIT\u00c9 DE MARQUE &#038; BRANDING GLOBAL"},"content":{"rendered":"<h2>D\u00e9couvrez l&#8217;impact d&#8217;une identit\u00e9 visuelle bien pens\u00e9e<\/h2>\n<p>Forgez une marque qui se d\u00e9marque avec une identit\u00e9 visuelle coh\u00e9rente et strat\u00e9gique. Nos concepts de branding sont con\u00e7us pour marquer les esprits tout en capturant l&#8217;essence unique de votre entreprise. En investissant dans un design global, vous assurez une clart\u00e9 et une reconnaissance imm\u00e9diates, permettant \u00e0 votre marque de briller sur un march\u00e9 concurrentiel sans limites. Faites de votre identit\u00e9 visuelle le pilier d&#8217;une communication forte et engageante.<\/p>\n<h2>Les composantes du branding global<\/h2>\n<p><strong>Cr\u00e9ation de logo :<\/strong> Nous offrons un design principal, des ic\u00f4nes, et des variantes de couleurs adapt\u00e9es \u00e0 votre entreprise. Un logo bien pens\u00e9 est la base d&#8217;une identit\u00e9 visuelle m\u00e9morable.<\/p>\n<p><strong>Palette de couleurs \u00e9tendue :<\/strong> Vous b\u00e9n\u00e9ficiez d&#8217;un code couleur professionnel comprenant CMJN, RVB, et Hex, garantissant une coh\u00e9rence visuelle sur tous les supports.<\/p>\n<p><strong>Charte typographique :<\/strong> Notre s\u00e9lection de polices inclut des styles adapt\u00e9s pour les titres, le corps du texte, et les contenus web, assurant une pr\u00e9sentation fluide et accessible.<\/p>\n<h2>Pourquoi choisir notre service de branding ?<\/h2>\n<p>Un branding efficace est essentiel pour captiver votre audience cible et renforcer votre cr\u00e9dibilit\u00e9. Nous proposons une approche globale qui va bien au-del\u00e0 de la simple cr\u00e9ation esth\u00e9tique, en vous aidant \u00e0 fa\u00e7onner une marque qui raconte votre histoire. Faites le choix d&#8217;une strat\u00e9gie visuelle qui inspire confiance et stimule des \u00e9motions positives aupr\u00e8s de vos clients. Avec notre expertise, votre entreprise atteindra de nouveaux sommets et se positionnera comme une r\u00e9f\u00e9rence dans son domaine.<\/p>\n\n    <div class=\"xs_social_share_widget xs_share_url after_content \t\tmain_content  wslu-style-1 wslu-share-box-shaped wslu-fill-colored wslu-none wslu-share-horizontal wslu-theme-font-no wslu-main_content\">\n\n\t\t\n        <ul>\n\t\t\t        <\/ul>\n    <\/div>","protected":false},"excerpt":{"rendered":"<p>D\u00e9couvrez l&#8217;impact d&#8217;une identit\u00e9 visuelle bien pens\u00e9e Forgez une marque qui se d\u00e9marque avec une identit\u00e9 visuelle coh\u00e9rente et strat\u00e9gique&#8230;.<\/p>","protected":false},"featured_media":887,"comment_status":"open","ping_status":"closed","template":"","meta":{"_acf_changed":false,"_monsterinsights_skip_tracking":false,"_monsterinsights_sitenote_active":false,"_monsterinsights_sitenote_note":"","_monsterinsights_sitenote_category":0,"postBodyCss":"","postBodyMargin":[],"postBodyPadding":[],"postBodyBackground":{"backgroundType":"classic","gradient":""},"_uf_show_specific_survey":0,"_uf_disable_surveys":false},"product_brand":[],"product_cat":[38],"product_tag":[],"class_list":{"0":"post-883","1":"product","2":"type-product","3":"status-publish","4":"has-post-thumbnail","6":"product_cat-identite-de-marque-branding-global","8":"first","9":"instock","10":"shipping-taxable","11":"purchasable","12":"product-type-variable"},"acf":[],"aioseo_notices":[],"jetpack_sharing_enabled":true,"_links":{"self":[{"href":"https:\/\/aoufadel.com\/fr\/wp-json\/wp\/v2\/product\/883","targetHints":{"allow":["GET"]}}],"collection":[{"href":"https:\/\/aoufadel.com\/fr\/wp-json\/wp\/v2\/product"}],"about":[{"href":"https:\/\/aoufadel.com\/fr\/wp-json\/wp\/v2\/types\/product"}],"replies":[{"embeddable":true,"href":"https:\/\/aoufadel.com\/fr\/wp-json\/wp\/v2\/comments?post=883"}],"wp:featuredmedia":[{"embeddable":true,"href":"https:\/\/aoufadel.com\/fr\/wp-json\/wp\/v2\/media\/887"}],"wp:attachment":[{"href":"https:\/\/aoufadel.com\/fr\/wp-json\/wp\/v2\/media?parent=883"}],"wp:term":[{"taxonomy":"product_brand","embeddable":true,"href":"https:\/\/aoufadel.com\/fr\/wp-json\/wp\/v2\/product_brand?post=883"},{"taxonomy":"product_cat","embeddable":true,"href":"https:\/\/aoufadel.com\/fr\/wp-json\/wp\/v2\/product_cat?post=883"},{"taxonomy":"product_tag","embeddable":true,"href":"https:\/\/aoufadel.com\/fr\/wp-json\/wp\/v2\/product_tag?post=883"}],"curies":[{"name":"wp","href":"https:\/\/api.w.org\/{rel}","templated":true}]}}